{"id":8451,"date":"2023-02-17T17:01:10","date_gmt":"2023-02-17T16:01:10","guid":{"rendered":"https:\/\/condescending-borg.217-76-155-204.plesk.page\/?page_id=8451"},"modified":"2023-02-17T17:11:18","modified_gmt":"2023-02-17T16:11:18","slug":"yoga-y-pilates","status":"publish","type":"page","link":"https:\/\/clinicaeira.es\/en\/yoga-y-pilates\/","title":{"rendered":"yoga and pilates"},"content":{"rendered":"<div data-elementor-type=\"wp-page\" data-elementor-id=\"8451\" class=\"elementor elementor-8451\">\n\t\t\t\t\t\t<section class=\"elementor-section elementor-top-section elementor-element elementor-element-eb71d4c elementor-section-full_width elementor-section-content-bottom elementor-section-height-default elementor-section-height-default\" data-id=\"eb71d4c\" data-element_type=\"section\" data-settings=\"{&quot;background_background&quot;:&quot;classic&quot;}\">\n\t\t\t\t\t\t<div class=\"elementor-container elementor-column-gap-default\">\n\t\t\t\t\t<div class=\"elementor-column elementor-col-100 elementor-top-column elementor-element elementor-element-e2f1650\" data-id=\"e2f1650\" data-element_type=\"column\">\n\t\t\t<div class=\"elementor-widget-wrap elementor-element-populated\">\n\t\t\t\t\t\t<div class=\"elementor-element elementor-element-79fe46e elementor-widget__width-auto elementor-widget elementor-widget-heading\" data-id=\"79fe46e\" data-element_type=\"widget\" data-widget_type=\"heading.default\">\n\t\t\t\t<div class=\"elementor-widget-container\">\n\t\t\t<h2 class=\"elementor-heading-title elementor-size-default\">yoga and pilates<\/h2>\t\t<\/div>\n\t\t\t\t<\/div>\n\t\t\t\t\t<\/div>\n\t\t<\/div>\n\t\t\t\t\t<\/div>\n\t\t<\/section>\n\t\t\t\t<section class=\"elementor-section elementor-top-section elementor-element elementor-element-e49d36b elementor-section-boxed elementor-section-height-default elementor-section-height-default\" data-id=\"e49d36b\" data-element_type=\"section\">\n\t\t\t\t\t\t<div class=\"elementor-container elementor-column-gap-default\">\n\t\t\t\t\t<div class=\"elementor-column elementor-col-33 elementor-top-column elementor-element elementor-element-4fd5754\" data-id=\"4fd5754\" data-element_type=\"column\">\n\t\t\t<div class=\"elementor-widget-wrap elementor-element-populated\">\n\t\t\t\t\t\t<div class=\"elementor-element elementor-element-9f6510c elementor-widget elementor-widget-text-editor\" data-id=\"9f6510c\" data-element_type=\"widget\" data-widget_type=\"text-editor.default\">\n\t\t\t\t<div class=\"elementor-widget-container\">\n\t\t\t\t\t\t\t<p>\u00a1Por supuesto! En nuestra cl\u00ednica, estamos comprometidos en proporcionar una amplia variedad de servicios para ayudar a nuestros clientes a alcanzar sus objetivos de bienestar. En este caso, nuestras clases de yoga y pilates te ofrecen muchos beneficios adicionales para complementar la terapia f\u00edsica y ayudarte a alcanzar un estado de equilibrio f\u00edsico y mental \u00f3ptimo.<\/p>\t\t\t\t\t\t<\/div>\n\t\t\t\t<\/div>\n\t\t\t\t<div class=\"elementor-element elementor-element-e75ac68 e-transform elementor-widget elementor-widget-spacer\" data-id=\"e75ac68\" data-element_type=\"widget\" data-settings=\"{&quot;_transform_rotateZ_effect&quot;:{&quot;unit&quot;:&quot;px&quot;,&quot;size&quot;:9,&quot;sizes&quot;:[]},&quot;_transform_rotateZ_effect_tablet&quot;:{&quot;unit&quot;:&quot;deg&quot;,&quot;size&quot;:&quot;&quot;,&quot;sizes&quot;:[]},&quot;_transform_rotateZ_effect_mobile&quot;:{&quot;unit&quot;:&quot;deg&quot;,&quot;size&quot;:&quot;&quot;,&quot;sizes&quot;:[]}}\" data-widget_type=\"spacer.default\">\n\t\t\t\t<div class=\"elementor-widget-container\">\n\t\t\t\t\t<div class=\"elementor-spacer\">\n\t\t\t<div class=\"elementor-spacer-inner\"><\/div>\n\t\t<\/div>\n\t\t\t\t<\/div>\n\t\t\t\t<\/div>\n\t\t\t\t\t<\/div>\n\t\t<\/div>\n\t\t\t\t<div class=\"elementor-column elementor-col-33 elementor-top-column elementor-element elementor-element-5909420\" data-id=\"5909420\" data-element_type=\"column\">\n\t\t\t<div class=\"elementor-widget-wrap elementor-element-populated\">\n\t\t\t\t\t\t<div class=\"elementor-element elementor-element-8bebff6 elementor-widget elementor-widget-image\" data-id=\"8bebff6\" data-element_type=\"widget\" data-widget_type=\"image.default\">\n\t\t\t\t<div class=\"elementor-widget-container\">\n\t\t\t\t\t\t\t\t\t\t\t\t\t<img fetchpriority=\"high\" decoding=\"async\" width=\"470\" height=\"544\" src=\"https:\/\/clinicaeira.es\/wp-content\/uploads\/2023\/02\/chica-yoga.png\" class=\"attachment-large size-large wp-image-8387\" alt=\"chica yoga\" srcset=\"https:\/\/clinicaeira.es\/wp-content\/uploads\/2023\/02\/chica-yoga.png 470w, https:\/\/clinicaeira.es\/wp-content\/uploads\/2023\/02\/chica-yoga-259x300.png 259w\" sizes=\"(max-width: 470px) 100vw, 470px\" \/>\t\t\t\t\t\t\t\t\t\t\t\t\t<\/div>\n\t\t\t\t<\/div>\n\t\t\t\t\t<\/div>\n\t\t<\/div>\n\t\t\t\t<div class=\"elementor-column elementor-col-33 elementor-top-column elementor-element elementor-element-ad0395a\" data-id=\"ad0395a\" data-element_type=\"column\">\n\t\t\t<div class=\"elementor-widget-wrap elementor-element-populated\">\n\t\t\t\t\t\t<div class=\"elementor-element elementor-element-cc29eef elementor-widget elementor-widget-text-editor\" data-id=\"cc29eef\" data-element_type=\"widget\" data-widget_type=\"text-editor.default\">\n\t\t\t\t<div class=\"elementor-widget-container\">\n\t\t\t\t\t\t\t<p>Nuestras clases de yoga se enfocan en la pr\u00e1ctica de asanas o posturas, pranayama o t\u00e9cnicas de respiraci\u00f3n y meditaci\u00f3n, con el objetivo de mejorar la flexibilidad, la fuerza y \u200b\u200bla concentraci\u00f3n, as\u00ed como reducir el estr\u00e9s y la ansiedad. Las clases est\u00e1n dise\u00f1adas para ser accesibles para todos los niveles, desde principiantes hasta pr\u00e1cticos avanzados, y se adaptan a las necesidades y capacidades de cada cual.<\/p>\t\t\t\t\t\t<\/div>\n\t\t\t\t<\/div>\n\t\t\t\t<div class=\"elementor-element elementor-element-fbfda24 e-transform elementor-widget elementor-widget-spacer\" data-id=\"fbfda24\" data-element_type=\"widget\" data-settings=\"{&quot;_transform_rotateZ_effect&quot;:{&quot;unit&quot;:&quot;px&quot;,&quot;size&quot;:-9,&quot;sizes&quot;:[]},&quot;_transform_rotateZ_effect_tablet&quot;:{&quot;unit&quot;:&quot;deg&quot;,&quot;size&quot;:&quot;&quot;,&quot;sizes&quot;:[]},&quot;_transform_rotateZ_effect_mobile&quot;:{&quot;unit&quot;:&quot;deg&quot;,&quot;size&quot;:&quot;&quot;,&quot;sizes&quot;:[]}}\" data-widget_type=\"spacer.default\">\n\t\t\t\t<div class=\"elementor-widget-container\">\n\t\t\t\t\t<div class=\"elementor-spacer\">\n\t\t\t<div class=\"elementor-spacer-inner\"><\/div>\n\t\t<\/div>\n\t\t\t\t<\/div>\n\t\t\t\t<\/div>\n\t\t\t\t\t<\/div>\n\t\t<\/div>\n\t\t\t\t\t<\/div>\n\t\t<\/section>\n\t\t\t\t<section class=\"elementor-section elementor-top-section elementor-element elementor-element-fed91cd elementor-section-boxed elementor-section-height-default elementor-section-height-default\" data-id=\"fed91cd\" data-element_type=\"section\">\n\t\t\t\t\t\t<div class=\"elementor-container elementor-column-gap-default\">\n\t\t\t\t\t<div class=\"elementor-column elementor-col-100 elementor-top-column elementor-element elementor-element-cf4261b\" data-id=\"cf4261b\" data-element_type=\"column\">\n\t\t\t<div class=\"elementor-widget-wrap elementor-element-populated\">\n\t\t\t\t\t\t<div class=\"elementor-element elementor-element-5cfdf81 elementor-widget elementor-widget-text-editor\" data-id=\"5cfdf81\" data-element_type=\"widget\" data-widget_type=\"text-editor.default\">\n\t\t\t\t<div class=\"elementor-widget-container\">\n\t\t\t\t\t\t\t<p>Por otro lado, nuestras clases de pilates se centran en ejercicios de bajo impacto que mejoran la fuerza, la flexibilidad y la alineaci\u00f3n del cuerpo. Nuestros instructores de pilates se enfocan en el uso de la respiraci\u00f3n y la t\u00e9cnica adecuada para mejorar la conexi\u00f3n entre la mente y el cuerpo, lo que puede llevarte a una mayor conciencia corporal y reducci\u00f3n del dolor. Adem\u00e1s, nuestro enfoque en grupos reducidos permite a nuestros instructores e instructoras\u00a0 brindarte la atenci\u00f3n individualizada necesaria para garantizar que en todo momento est\u00e9s\u00a0 realizando los ejercicios correctamente y de manera segura.<\/p><p>En resumen, nuestras clases de yoga y pilates est\u00e1n dise\u00f1adas para complementar nuestros servicios de fisioterapia y ayudarte a alcanzar un estado de equilibrio f\u00edsico y mental \u00f3ptimo. Ya sea que est\u00e9s buscando mejorar tu flexibilidad, fortalecer tu cuerpo, reducir el estr\u00e9s o simplemente aprender t\u00e9cnicas de relajaci\u00f3n, nuestras clases de yoga y pilates son una excelente manera de apoyar tu bienestar general.\u00a0<\/p><p>\u00a1Estamos comprometidos en ayudar a lograr tus objetivos y esperamos tener la oportunidad de trabajar contigo pronto!<\/p>\t\t\t\t\t\t<\/div>\n\t\t\t\t<\/div>\n\t\t\t\t\t<\/div>\n\t\t<\/div>\n\t\t\t\t\t<\/div>\n\t\t<\/section>\n\t\t\t\t<\/div>","protected":false},"excerpt":{"rendered":"<p>Yoga y pilates \u00a1Por supuesto! En nuestra cl\u00ednica, estamos comprometidos en proporcionar una amplia variedad de servicios para ayudar a nuestros clientes a alcanzar sus objetivos de bienestar. En este caso, nuestras clases de yoga y pilates te ofrecen muchos beneficios adicionales para complementar la terapia f\u00edsica y ayudarte a alcanzar un estado de equilibrio [&hellip;]<\/p>","protected":false},"author":2,"featured_media":0,"parent":0,"menu_order":0,"comment_status":"closed","ping_status":"closed","template":"elementor_header_footer","meta":{"inline_featured_image":false,"footnotes":""},"class_list":["post-8451","page","type-page","status-publish","hentry"],"acf":[],"_links":{"self":[{"href":"https:\/\/clinicaeira.es\/en\/wp-json\/wp\/v2\/pages\/8451","targetHints":{"allow":["GET"]}}],"collection":[{"href":"https:\/\/clinicaeira.es\/en\/wp-json\/wp\/v2\/pages"}],"about":[{"href":"https:\/\/clinicaeira.es\/en\/wp-json\/wp\/v2\/types\/page"}],"author":[{"embeddable":true,"href":"https:\/\/clinicaeira.es\/en\/wp-json\/wp\/v2\/users\/2"}],"replies":[{"embeddable":true,"href":"https:\/\/clinicaeira.es\/en\/wp-json\/wp\/v2\/comments?post=8451"}],"version-history":[{"count":7,"href":"https:\/\/clinicaeira.es\/en\/wp-json\/wp\/v2\/pages\/8451\/revisions"}],"predecessor-version":[{"id":8461,"href":"https:\/\/clinicaeira.es\/en\/wp-json\/wp\/v2\/pages\/8451\/revisions\/8461"}],"wp:attachment":[{"href":"https:\/\/clinicaeira.es\/en\/wp-json\/wp\/v2\/media?parent=8451"}],"curies":[{"name":"wp","href":"https:\/\/api.w.org\/{rel}","templated":true}]}}